{"id":77,"date":"2019-07-09T11:41:04","date_gmt":"2019-07-09T09:41:04","guid":{"rendered":"http:\/\/atoutmusic.com\/?page_id=77"},"modified":"2025-08-24T18:15:06","modified_gmt":"2025-08-24T16:15:06","slug":"inscription","status":"publish","type":"page","link":"https:\/\/atoutmusic.com\/index.php\/inscription\/","title":{"rendered":"Inscription"},"content":{"rendered":"<p style=\"text-align: center;\">Si vous souhaitez des informations concernant l&rsquo;inscription merci de prendre au pr\u00e9alable contact avec nous<\/p>\n<p style=\"text-align: center;\">soit par t\u00e9l\u00e9phone au 06 69 51 47 13, soit en utilisant notre formulaire de demande ci-dessous :<\/p>\n<div class='avia-button-wrap avia-button-center  avia-builder-el-0  el_before_av_button  avia-builder-el-first  '><a href='https:\/\/atoutmusic.com\/index.php\/contact\/'  class='avia-button   avia-icon_select-yes-left-icon avia-color-theme-color avia-size-large avia-position-center '   ><span class='avia_button_icon avia_button_icon_left ' aria-hidden='true' data-av_icon='\ue84b' data-av_iconfont='entypo-fontello'><\/span><span class='avia_iconbox_title' >Nous Contacter<\/span><\/a><\/div>\n<p>&nbsp;<\/p>\n<p style=\"text-align: center;\">Pour vous inscrire, vous devez disposer d&rsquo;une adresse mail valide afin que nous puissions vous retourner le contrat.<\/p>\n<p style=\"text-align: center;\">Pour lancer le formulaire d&rsquo;inscription, merci de cliquer sur le bouton ci-dessous :<\/p>\n<div class='avia-button-wrap avia-button-center  avia-builder-el-1  el_after_av_button  avia-builder-el-last  '><a href='https:\/\/inscription.atoutmusic.com'  class='avia-button   avia-icon_select-yes-left-icon avia-color-theme-color avia-size-large avia-position-center '   ><span class='avia_button_icon avia_button_icon_left ' aria-hidden='true' data-av_icon='\ue84b' data-av_iconfont='entypo-fontello'><\/span><span class='avia_iconbox_title' >Formulaire Inscription<\/span><\/a><\/div>\n<p>&nbsp;<\/p>\n","protected":false},"excerpt":{"rendered":"<p>Si vous souhaitez des informations concernant l&rsquo;inscription merci de prendre au pr\u00e9alable contact avec nous soit par t\u00e9l\u00e9phone au 06 69 51 47 13, soit en utilisant notre formulaire de demande ci-dessous : &nbsp; Pour vous inscrire, vous devez disposer d&rsquo;une adresse mail valide afin que nous puissions vous retourner le contrat. Pour lancer le [&hellip;]<\/p>\n","protected":false},"author":1,"featured_media":0,"parent":0,"menu_order":0,"comment_status":"open","ping_status":"closed","template":"","meta":{"footnotes":""},"_links":{"self":[{"href":"https:\/\/atoutmusic.com\/index.php\/wp-json\/wp\/v2\/pages\/77"}],"collection":[{"href":"https:\/\/atoutmusic.com\/index.php\/wp-json\/wp\/v2\/pages"}],"about":[{"href":"https:\/\/atoutmusic.com\/index.php\/wp-json\/wp\/v2\/types\/page"}],"author":[{"embeddable":true,"href":"https:\/\/atoutmusic.com\/index.php\/wp-json\/wp\/v2\/users\/1"}],"replies":[{"embeddable":true,"href":"https:\/\/atoutmusic.com\/index.php\/wp-json\/wp\/v2\/comments?post=77"}],"version-history":[{"count":22,"href":"https:\/\/atoutmusic.com\/index.php\/wp-json\/wp\/v2\/pages\/77\/revisions"}],"predecessor-version":[{"id":467,"href":"https:\/\/atoutmusic.com\/index.php\/wp-json\/wp\/v2\/pages\/77\/revisions\/467"}],"wp:attachment":[{"href":"https:\/\/atoutmusic.com\/index.php\/wp-json\/wp\/v2\/media?parent=77"}],"curies":[{"name":"wp","href":"https:\/\/api.w.org\/{rel}","templated":true}]}}