{"id":20,"date":"2019-06-26T11:42:13","date_gmt":"2019-06-26T09:42:13","guid":{"rendered":"http:\/\/atoutmusic.com\/?page_id=20"},"modified":"2024-05-02T17:38:58","modified_gmt":"2024-05-02T15:38:58","slug":"home","status":"publish","type":"page","link":"https:\/\/atoutmusic.com\/","title":{"rendered":"home"},"content":{"rendered":"<div id='layer_slider_1' class='avia-layerslider main_color avia-shadow  avia-builder-el-0  el_before_av_one_fifth  avia-builder-el-first  container_wrap sidebar_right' style='  height: 721px;' ><\/div><div id='after_layer_slider_1' class='main_color av_default_container_wrap container_wrap sidebar_right' style=' '  ><div class='container' ><div class='template-page content  av-content-small alpha units'><div class='post-entry post-entry-type-page post-entry-20'><div class='entry-content-wrapper clearfix'>\n<div class=\"flex_column av_one_fifth  flex_column_div av-zero-column-padding first  avia-builder-el-1  el_after_av_layerslider  el_before_av_three_fifth  avia-builder-el-first  \" style='border-radius:0px; '><\/div>\n<div class=\"flex_column av_three_fifth  flex_column_div av-zero-column-padding   avia-builder-el-2  el_after_av_one_fifth  el_before_av_one_fifth  \" style='border-radius:0px; '><p><div class='avia-image-container  av-styling- av-hover-grow   avia-builder-el-3  el_before_av_textblock  avia-builder-el-first   avia-align-center '  itemprop=\"image\" itemscope=\"itemscope\" itemtype=\"https:\/\/schema.org\/ImageObject\"  ><div class='avia-image-container-inner'><div class='avia-image-overlay-wrap'><img class='avia_image' src='https:\/\/atoutmusic.com\/wp-content\/uploads\/2019\/06\/cropped-icon-300x300.png' alt='' title='atout music' height=\"300\" width=\"300\"  itemprop=\"thumbnailUrl\"  \/><\/div><\/div><\/div><br \/>\n<section class=\"av_textblock_section \"  itemscope=\"itemscope\" itemtype=\"https:\/\/schema.org\/CreativeWork\" ><div class='avia_textblock  '   itemprop=\"text\" ><p style=\"text-align: center;\">Install\u00e9e au carrefour de plusieurs communes (Gagny, Le Raincy, Villemomble),<\/p>\n<p style=\"text-align: center;\">l&rsquo;\u00e9cole de musique est un lieu de partage ax\u00e9 sur l\u2019apprentissage des musiques actuelles et de rencontres interg\u00e9n\u00e9rationnelles,\u00a0dans de nombreuses disciplines.<\/p>\n<p style=\"text-align: center;\">Nous avons le plaisir d\u2019accueillir des \u00e9l\u00e8ves de tous \u00e2ges, niveaux et horizons.<\/p>\n<p style=\"text-align: center;\"><strong>Nous pouvons accueillir de nouveaux \u00e9l\u00e8ves tout au long de l\u2019ann\u00e9e en fonction des disponibilit\u00e9s restantes.<\/strong><\/p>\n<\/div><\/section><br \/>\n<div class='avia-button-wrap avia-button-center  avia-builder-el-5  el_after_av_textblock  avia-builder-el-last  '><a href='https:\/\/atoutmusic.com\/index.php\/contact\/'  class='avia-button av-icon-on-hover  avia-icon_select-yes-left-icon avia-color-theme-color avia-size-small avia-position-center '   ><span class='avia_button_icon avia_button_icon_left ' aria-hidden='true' data-av_icon='\ue885' data-av_iconfont='entypo-fontello'><\/span><span class='avia_iconbox_title' >Nous contacter<\/span><\/a><\/div><\/p><\/div>\n<div class=\"flex_column av_one_fifth  flex_column_div av-zero-column-padding   avia-builder-el-6  el_after_av_three_fifth  el_before_av_section  avia-builder-el-last  \" style='border-radius:0px; '><\/div>\n<\/div><\/div><\/div><!-- close content main div --><\/div><\/div><div id='av_section_1' class='avia-section main_color avia-section-default avia-no-border-styling avia-full-stretch av-parallax-section avia-bg-style-parallax  avia-builder-el-7  el_after_av_one_fifth  el_before_av_one_full    av-minimum-height av-minimum-height-50  container_wrap sidebar_right' style=' '  data-section-bg-repeat='stretch' data-av_minimum_height_pc='50'><div class='av-parallax' data-avia-parallax-ratio='0.3' ><div class='av-parallax-inner main_color  avia-full-stretch' style = 'background-repeat: no-repeat; background-image: url(https:\/\/atoutmusic.com\/wp-content\/uploads\/2019\/06\/iStock-673822220-copie.jpg);background-attachment: scroll; background-position: top left; ' ><\/div><\/div><div class='container' ><div class='template-page content  av-content-small alpha units'><div class='post-entry post-entry-type-page post-entry-20'><div class='entry-content-wrapper clearfix'>\n<div class=\"flex_column av_three_fifth  flex_column_div av-zero-column-padding first  avia-builder-el-8  el_before_av_two_fifth  avia-builder-el-first  \" style='border-radius:0px; '><\/div><div class=\"flex_column av_two_fifth  flex_column_div av-zero-column-padding   avia-builder-el-9  el_after_av_three_fifth  avia-builder-el-last  \" style='border-radius:0px; '><p><div class='avia-icon-list-container   avia-builder-el-10  el_before_av_textblock  avia-builder-el-first  '><ul class='avia-icon-list avia-icon-list-left av-iconlist-small avia_animate_when_almost_visible avia-iconlist-animate'>\n<li><div  style='color:#f4a086; font-size:22px; ' class='iconlist_icon  avia-font-entypo-fontello'><span class='iconlist-char ' aria-hidden='true' data-av_icon='\ue89d' data-av_iconfont='entypo-fontello'><\/span><\/div><article class=\"article-icon-entry av-iconlist-empty\"  itemscope=\"itemscope\" itemtype=\"https:\/\/schema.org\/CreativeWork\" ><div class='iconlist_content_wrap'><header class=\"entry-content-header\"><div class='av_iconlist_title iconlist_title_small av_inherit_color '  itemprop=\"headline\"   style='color:#f4a086; font-size:22px; '>Le plaisir de jouer d\u2019un instrument<\/div><\/header><div class='iconlist_content  '  itemprop=\"text\"  ><\/div><\/div><footer class=\"entry-footer\"><\/footer><\/article><div class='iconlist-timeline'><\/div><\/li>\n<\/ul><\/div><br \/>\n<section class=\"av_textblock_section \"  itemscope=\"itemscope\" itemtype=\"https:\/\/schema.org\/CreativeWork\" ><div class='avia_textblock  '   itemprop=\"text\" ><div class=\"texte1\">de progresser et de partager ses \u00e9motions par la pratique avec d\u2019autres musiciens. Le plaisir d\u2019aborder un r\u00e9pertoire actuel et qui r\u00e9ponde \u00e0 vos go\u00fbts musicaux.<\/p>\n<p>L\u2019apprentissage passe par la\u00a0pratique directe sur l\u2019instrument.\u00a0Nul besoin de passer par le\u00a0solf\u00e8ge pour pouvoir jouer et\u00a0progresser rapidement.<\/p>\n<\/div>\n<\/div><\/section><br \/>\n<div class='avia-button-wrap avia-button-left  avia-builder-el-12  el_after_av_textblock  avia-builder-el-last  '><a href='https:\/\/atoutmusic.com\/index.php\/lecole\/'  class='avia-button av-icon-on-hover  avia-icon_select-yes-left-icon avia-color-theme-color avia-size-small avia-position-left '   ><span class='avia_button_icon avia_button_icon_left ' aria-hidden='true' data-av_icon='\ue885' data-av_iconfont='entypo-fontello'><\/span><span class='avia_iconbox_title' >En savoir plus<\/span><\/a><\/div><\/p><\/div>\n<\/div><\/div><\/div><!-- close content main div --><\/div><\/div><div id='after_section_1' class='main_color av_default_container_wrap container_wrap sidebar_right' style=' '  ><div class='container' ><div class='template-page content  av-content-small alpha units'><div class='post-entry post-entry-type-page post-entry-20'><div class='entry-content-wrapper clearfix'>\n<div class=\"flex_column av_one_full  flex_column_div av-zero-column-padding first  avia-builder-el-13  el_after_av_section  el_before_av_one_fifth  avia-builder-el-first  \" style='border-radius:0px; '><p><div style='height:25px' class='hr hr-invisible   avia-builder-el-14  el_before_av_heading  avia-builder-el-first  '><span class='hr-inner ' ><span class='hr-inner-style'><\/span><\/span><\/div><br \/>\n<div style='padding-bottom:10px; ' class='av-special-heading av-special-heading-h1  blockquote modern-quote modern-centered  avia-builder-el-15  el_after_av_hr  avia-builder-el-last   '><h1 class='av-special-heading-tag '  itemprop=\"headline\"  >Nous proposons diverses activit\u00e9s musicales <\/h1><div class='special-heading-border'><div class='special-heading-inner-border' ><\/div><\/div><\/div><\/p><\/div>\n<div class=\"flex_column av_one_fifth  flex_column_div av-zero-column-padding first  avia-builder-el-16  el_after_av_one_full  el_before_av_one_fifth  column-top-margin\" style='border-radius:0px; '><\/div>\n<div class=\"flex_column av_one_fifth  flex_column_div av-zero-column-padding   avia-builder-el-17  el_after_av_one_fifth  el_before_av_one_fifth  column-top-margin\" style='border-radius:0px; '><p><div class='avia-image-container  av-styling- av-hover-grow   avia-builder-el-18  el_before_av_heading  avia-builder-el-first   avia-align-center '  itemprop=\"image\" itemscope=\"itemscope\" itemtype=\"https:\/\/schema.org\/ImageObject\"  ><div class='avia-image-container-inner'><div class='avia-image-overlay-wrap'><a href='https:\/\/atoutmusic.com\/index.php\/guitare\/' class='avia_image'  ><img class='avia_image ' src='https:\/\/atoutmusic.com\/wp-content\/uploads\/2019\/06\/acoustic-guitar-300x300.png' alt='' title='guitar'  itemprop=\"thumbnailUrl\"  \/><\/a><\/div><\/div><\/div><br \/>\n<div style='padding-bottom:10px; color:#444444;' class='av-special-heading av-special-heading-h4 custom-color-heading blockquote modern-quote modern-centered  avia-builder-el-19  el_after_av_image  avia-builder-el-last   '><h4 class='av-special-heading-tag '  itemprop=\"headline\"  >GUITARE<\/h4><div class='special-heading-border'><div class='special-heading-inner-border' style='border-color:#444444'><\/div><\/div><\/div><\/p><\/div>\n<div class=\"flex_column av_one_fifth  flex_column_div av-zero-column-padding   avia-builder-el-20  el_after_av_one_fifth  el_before_av_one_fifth  column-top-margin\" style='border-radius:0px; '><p><div class='avia-image-container  av-styling- av-hover-grow   avia-builder-el-21  el_before_av_heading  avia-builder-el-first   avia-align-center '  itemprop=\"image\" itemscope=\"itemscope\" itemtype=\"https:\/\/schema.org\/ImageObject\"  ><div class='avia-image-container-inner'><div class='avia-image-overlay-wrap'><a href='https:\/\/atoutmusic.com\/index.php\/piano\/' class='avia_image'  ><img class='avia_image ' src='https:\/\/atoutmusic.com\/wp-content\/uploads\/2019\/06\/grand-piano-180x180.png' alt='' title='piano'  itemprop=\"thumbnailUrl\"  \/><\/a><\/div><\/div><\/div><br \/>\n<div style='padding-bottom:10px; color:#444444;' class='av-special-heading av-special-heading-h4 custom-color-heading blockquote modern-quote modern-centered  avia-builder-el-22  el_after_av_image  avia-builder-el-last   '><h4 class='av-special-heading-tag '  itemprop=\"headline\"  >PIANO<\/h4><div class='special-heading-border'><div class='special-heading-inner-border' style='border-color:#444444'><\/div><\/div><\/div><\/p><\/div>\n<div class=\"flex_column av_one_fifth  flex_column_div av-zero-column-padding   avia-builder-el-23  el_after_av_one_fifth  el_before_av_one_fifth  column-top-margin\" style='border-radius:0px; '><p><div class='avia-image-container  av-styling- av-hover-grow   avia-builder-el-24  el_before_av_heading  avia-builder-el-first   avia-align-center '  itemprop=\"image\" itemscope=\"itemscope\" itemtype=\"https:\/\/schema.org\/ImageObject\"  ><div class='avia-image-container-inner'><div class='avia-image-overlay-wrap'><a href='https:\/\/atoutmusic.com\/index.php\/basse\/' class='avia_image'  ><img class='avia_image ' src='https:\/\/atoutmusic.com\/wp-content\/uploads\/2019\/06\/electric-guitar-2-180x180.png' alt='' title='basse'  itemprop=\"thumbnailUrl\"  \/><\/a><\/div><\/div><\/div><br \/>\n<div style='padding-bottom:10px; color:#444444;' class='av-special-heading av-special-heading-h4 custom-color-heading blockquote modern-quote modern-centered  avia-builder-el-25  el_after_av_image  avia-builder-el-last   '><h4 class='av-special-heading-tag '  itemprop=\"headline\"  >BASSE<\/h4><div class='special-heading-border'><div class='special-heading-inner-border' style='border-color:#444444'><\/div><\/div><\/div><\/p><\/div>\n<div class=\"flex_column av_one_fifth  flex_column_div av-zero-column-padding   avia-builder-el-26  el_after_av_one_fifth  el_before_av_one_fifth  column-top-margin\" style='border-radius:0px; '><\/div>\n<div class=\"flex_column av_one_fifth  flex_column_div av-zero-column-padding first  avia-builder-el-27  el_after_av_one_fifth  el_before_av_one_fifth  column-top-margin\" style='border-radius:0px; '><\/div>\n<div class=\"flex_column av_one_fifth  flex_column_div av-zero-column-padding   avia-builder-el-28  el_after_av_one_fifth  el_before_av_one_fifth  column-top-margin\" style='border-radius:0px; '><p><div class='avia-image-container  av-styling- av-hover-grow   avia-builder-el-29  el_before_av_heading  avia-builder-el-first   avia-align-center '  itemprop=\"image\" itemscope=\"itemscope\" itemtype=\"https:\/\/schema.org\/ImageObject\"  ><div class='avia-image-container-inner'><div class='avia-image-overlay-wrap'><a href='https:\/\/atoutmusic.com\/index.php\/chant\/' class='avia_image'  ><img class='avia_image ' src='https:\/\/atoutmusic.com\/wp-content\/uploads\/2019\/06\/microphone-180x180.png' alt='' title='Chant'  itemprop=\"thumbnailUrl\"  \/><\/a><\/div><\/div><\/div><br \/>\n<div style='padding-bottom:10px; color:#444444;' class='av-special-heading av-special-heading-h4 custom-color-heading blockquote modern-quote modern-centered  avia-builder-el-30  el_after_av_image  avia-builder-el-last   '><h4 class='av-special-heading-tag '  itemprop=\"headline\"  >CHANT<\/h4><div class='special-heading-border'><div class='special-heading-inner-border' style='border-color:#444444'><\/div><\/div><\/div><\/p><\/div>\n<div class=\"flex_column av_one_fifth  flex_column_div av-zero-column-padding   avia-builder-el-31  el_after_av_one_fifth  el_before_av_one_fifth  column-top-margin\" style='border-radius:0px; '><p><div class='avia-image-container  av-styling- av-hover-grow   avia-builder-el-32  el_before_av_heading  avia-builder-el-first   avia-align-center '  itemprop=\"image\" itemscope=\"itemscope\" itemtype=\"https:\/\/schema.org\/ImageObject\"  ><div class='avia-image-container-inner'><div class='avia-image-overlay-wrap'><a href='https:\/\/atoutmusic.com\/index.php\/batterie\/' class='avia_image'  ><img class='avia_image ' src='https:\/\/atoutmusic.com\/wp-content\/uploads\/2019\/06\/drum-set-180x180.png' alt='' title='batterie'  itemprop=\"thumbnailUrl\"  \/><\/a><\/div><\/div><\/div><br \/>\n<div style='padding-bottom:10px; color:#444444;' class='av-special-heading av-special-heading-h4 custom-color-heading blockquote modern-quote modern-centered  avia-builder-el-33  el_after_av_image  avia-builder-el-last   '><h4 class='av-special-heading-tag '  itemprop=\"headline\"  >BATTERIE<\/h4><div class='special-heading-border'><div class='special-heading-inner-border' style='border-color:#444444'><\/div><\/div><\/div><\/p><\/div>\n<div class=\"flex_column av_one_fifth  flex_column_div av-zero-column-padding   avia-builder-el-34  el_after_av_one_fifth  el_before_av_one_fifth  column-top-margin\" style='border-radius:0px; '><p><div class='avia-image-container  av-styling- av-hover-grow   avia-builder-el-35  el_before_av_heading  avia-builder-el-first   avia-align-center '  itemprop=\"image\" itemscope=\"itemscope\" itemtype=\"https:\/\/schema.org\/ImageObject\"  ><div class='avia-image-container-inner'><div class='avia-image-overlay-wrap'><a href='https:\/\/atoutmusic.com\/index.php\/eveil-musical\/' class='avia_image'  ><img class='avia_image ' src='https:\/\/atoutmusic.com\/wp-content\/uploads\/2019\/06\/bell-180x180.png' alt='' title='Eveil musical'  itemprop=\"thumbnailUrl\"  \/><\/a><\/div><\/div><\/div><br \/>\n<div style='padding-bottom:10px; color:#444444;' class='av-special-heading av-special-heading-h4 custom-color-heading blockquote modern-quote modern-centered  avia-builder-el-36  el_after_av_image  avia-builder-el-last   '><h4 class='av-special-heading-tag '  itemprop=\"headline\"  >EVEIL MUSICAL<\/h4><div class='special-heading-border'><div class='special-heading-inner-border' style='border-color:#444444'><\/div><\/div><\/div><\/p><\/div>\n<div class=\"flex_column av_one_fifth  flex_column_div av-zero-column-padding   avia-builder-el-37  el_after_av_one_fifth  el_before_av_hr  column-top-margin\" style='border-radius:0px; '><\/div>\n<div style='height:50px' class='hr hr-invisible   avia-builder-el-38  el_after_av_one_fifth  el_before_av_textblock  '><span class='hr-inner ' ><span class='hr-inner-style'><\/span><\/span><\/div>\n<section class=\"av_textblock_section \"  itemscope=\"itemscope\" itemtype=\"https:\/\/schema.org\/CreativeWork\" ><div class='avia_textblock  av_inherit_color '  style='color:#cecece; '  itemprop=\"text\" ><p style=\"text-align: center;\"><b>Les cours sont dispens\u00e9s par des professeurs dipl\u00f4m\u00e9s, musiciens professionnels ou intervenants dans le monde des musiques actuelles.<\/b><\/p>\n<\/div><\/section>\n<div class='avia-button-wrap avia-button-center  avia-builder-el-40  el_after_av_textblock  el_before_av_section  avia-builder-el-last  '><a href=''  class='avia-button av-icon-on-hover  avia-icon_select-yes-left-icon avia-color-theme-color avia-size-small avia-position-center '   ><span class='avia_button_icon avia_button_icon_left ' aria-hidden='true' data-av_icon='\ue885' data-av_iconfont='entypo-fontello'><\/span><span class='avia_iconbox_title' >Nous contacter<\/span><\/a><\/div>\n<\/div><\/div><\/div><!-- close content main div --><\/div><\/div><div id='av_section_2' class='avia-section main_color avia-section-default avia-no-border-styling avia-full-stretch av-section-color-overlay-active avia-bg-style-fixed  avia-builder-el-41  el_after_av_button  el_before_av_section    av-minimum-height av-minimum-height-50  container_wrap sidebar_right' style='background-repeat: no-repeat; background-image: url(https:\/\/atoutmusic.com\/wp-content\/uploads\/2019\/06\/AdobeStock_909969-1030x687.jpeg);background-attachment: fixed; background-position: bottom left;  '  data-section-bg-repeat='stretch' data-av_minimum_height_pc='50'><div class='av-section-color-overlay-wrap'><div class='av-section-color-overlay' style='opacity: 0.5; background-color: #000000; '><\/div><div class='container' ><div class='template-page content  av-content-small alpha units'><div class='post-entry post-entry-type-page post-entry-20'><div class='entry-content-wrapper clearfix'>\n<div class='avia-image-container  av-styling- av-hover-grow   avia-builder-el-42  el_before_av_hr  avia-builder-el-first   avia-align-center '  itemprop=\"image\" itemscope=\"itemscope\" itemtype=\"https:\/\/schema.org\/ImageObject\"  ><div class='avia-image-container-inner'><div class='avia-image-overlay-wrap'><img class='avia_image' src='https:\/\/atoutmusic.com\/wp-content\/uploads\/2019\/06\/1-1.png' alt='' title='1' height=\"125\" width=\"653\"  itemprop=\"thumbnailUrl\"  \/><\/div><\/div><\/div>\n<div  class='hr hr-short hr-center   avia-builder-el-43  el_after_av_image  el_before_av_heading  '><span class='hr-inner ' ><span class='hr-inner-style'><\/span><\/span><\/div>\n<div style='padding-bottom:10px; color:#ffffff;font-size:38px;' class='av-special-heading av-special-heading-h1 custom-color-heading blockquote modern-quote modern-centered  avia-builder-el-44  el_after_av_hr  el_before_av_hr   av-inherit-size '><h1 class='av-special-heading-tag '  itemprop=\"headline\"  >Cours de Batucada !<\/h1><div class='special-heading-border'><div class='special-heading-inner-border' style='border-color:#ffffff'><\/div><\/div><\/div>\n<div style='height:25px' class='hr hr-invisible   avia-builder-el-45  el_after_av_heading  el_before_av_button  '><span class='hr-inner ' ><span class='hr-inner-style'><\/span><\/span><\/div>\n<div class='avia-button-wrap avia-button-center  avia-builder-el-46  el_after_av_hr  avia-builder-el-last  '><a href='https:\/\/atoutmusic.com\/index.php\/battucada\/'  class='avia-button av-icon-on-hover  avia-icon_select-yes-left-icon avia-color-custom avia-size-large avia-position-center '  style='background-color:#ffffff; border-color:#ffffff; color:#f4a086; ' ><span class='avia_button_icon avia_button_icon_left ' aria-hidden='true' data-av_icon='\ue885' data-av_iconfont='entypo-fontello'><\/span><span class='avia_iconbox_title' >en savoir plus<\/span><\/a><\/div>\n\n<\/div><\/div><\/div><!-- close content main div --><\/div><\/div><\/div><div id='av_section_3' class='avia-section main_color avia-section-default avia-no-border-styling avia-full-stretch av-parallax-section avia-bg-style-parallax  avia-builder-el-47  el_after_av_section  avia-builder-el-last    av-minimum-height av-minimum-height-25  container_wrap sidebar_right' style=' '  data-section-bg-repeat='stretch' data-av_minimum_height_pc='25'><div class='av-parallax' data-avia-parallax-ratio='0.3' ><div class='av-parallax-inner main_color  avia-full-stretch' style = 'background-repeat: no-repeat; background-image: url(https:\/\/atoutmusic.com\/wp-content\/uploads\/2019\/07\/fond33-1030x773.jpg);background-attachment: scroll; background-position: top left; ' ><\/div><\/div><div class='container' ><div class='template-page content  av-content-small alpha units'><div class='post-entry post-entry-type-page post-entry-20'><div class='entry-content-wrapper clearfix'>\n<div style='padding-bottom:10px; color:#ffffff;' class='av-special-heading av-special-heading-h3 custom-color-heading blockquote modern-quote modern-centered  avia-builder-el-48  el_before_av_hr  avia-builder-el-first   '><h3 class='av-special-heading-tag '  itemprop=\"headline\"  >Je souhaite m\u2019inscrire aux cours !<\/h3><div class='special-heading-border'><div class='special-heading-inner-border' style='border-color:#ffffff'><\/div><\/div><\/div>\n<div style='height:10px' class='hr hr-invisible   avia-builder-el-49  el_after_av_heading  el_before_av_button  '><span class='hr-inner ' ><span class='hr-inner-style'><\/span><\/span><\/div>\n<div class='avia-button-wrap avia-button-center  avia-builder-el-50  el_after_av_hr  avia-builder-el-last  '><a href='https:\/\/atoutmusic.com\/index.php\/inscription\/'  class='avia-button av-icon-on-hover  avia-icon_select-yes-left-icon avia-color-custom avia-size-large avia-position-center '  style='background-color:#ffffff; border-color:#ffffff; color:#f4a086; ' ><span class='avia_button_icon avia_button_icon_left ' aria-hidden='true' data-av_icon='\ue84d' data-av_iconfont='entypo-fontello'><\/span><span class='avia_iconbox_title' >Inscription<\/span><\/a><\/div>\n<\/div><\/div><\/div><!-- close content main div --><\/div><\/div><div id='after_section_3' class='main_color av_default_container_wrap container_wrap sidebar_right' style=' '  ><div class='container' ><div class='template-page content  av-content-small alpha units'><div class='post-entry post-entry-type-page post-entry-20'><div class='entry-content-wrapper clearfix'>\n","protected":false},"excerpt":{"rendered":"","protected":false},"author":1,"featured_media":0,"parent":0,"menu_order":0,"comment_status":"closed","ping_status":"closed","template":"","meta":{"footnotes":""},"_links":{"self":[{"href":"https:\/\/atoutmusic.com\/index.php\/wp-json\/wp\/v2\/pages\/20"}],"collection":[{"href":"https:\/\/atoutmusic.com\/index.php\/wp-json\/wp\/v2\/pages"}],"about":[{"href":"https:\/\/atoutmusic.com\/index.php\/wp-json\/wp\/v2\/types\/page"}],"author":[{"embeddable":true,"href":"https:\/\/atoutmusic.com\/index.php\/wp-json\/wp\/v2\/users\/1"}],"replies":[{"embeddable":true,"href":"https:\/\/atoutmusic.com\/index.php\/wp-json\/wp\/v2\/comments?post=20"}],"version-history":[{"count":63,"href":"https:\/\/atoutmusic.com\/index.php\/wp-json\/wp\/v2\/pages\/20\/revisions"}],"predecessor-version":[{"id":456,"href":"https:\/\/atoutmusic.com\/index.php\/wp-json\/wp\/v2\/pages\/20\/revisions\/456"}],"wp:attachment":[{"href":"https:\/\/atoutmusic.com\/index.php\/wp-json\/wp\/v2\/media?parent=20"}],"curies":[{"name":"wp","href":"https:\/\/api.w.org\/{rel}","templated":true}]}}