{"id":176,"date":"2019-07-24T17:24:20","date_gmt":"2019-07-24T15:24:20","guid":{"rendered":"http:\/\/atoutmusic.com\/?page_id=176"},"modified":"2020-09-03T12:31:32","modified_gmt":"2020-09-03T10:31:32","slug":"eveil-musical","status":"publish","type":"page","link":"https:\/\/atoutmusic.com\/index.php\/eveil-musical\/","title":{"rendered":"Eveil musical"},"content":{"rendered":"<div id='full_slider_1' class='avia-fullwidth-slider main_color avia-shadow   avia-builder-el-0  el_before_av_heading  avia-builder-el-first   container_wrap sidebar_right' style=' '  ><div  data-size='featured'  data-lightbox_size='large'  data-animation='slide'  data-conditional_play=''  data-ids='215'  data-video_counter='0'  data-autoplay='true'  data-bg_slider='false'  data-slide_height=''  data-handle='av_slideshow_full'  data-interval='3'  data-class=' '  data-css_id=''  data-scroll_down=''  data-control_layout='av-control-hidden'  data-custom_markup=''  data-perma_caption=''  data-autoplay_stopper=''  data-image_attachment=''  data-min_height='300px'  data-src=''  data-position='top left'  data-repeat='no-repeat'  data-attach='scroll'  data-stretch=''  data-default-height='28.666666666667'  class='avia-slideshow avia-slideshow-1  av-control-hidden av-default-height-applied avia-slideshow-featured av_slideshow_full   avia-slide-slider '  itemprop=\"image\" itemscope=\"itemscope\" itemtype=\"https:\/\/schema.org\/ImageObject\" ><ul class='avia-slideshow-inner ' style='padding-bottom: 28.666666666667%;' ><li  class=' av-single-slide slide-1 ' ><div data-rel='slideshow-1' class='avia-slide-wrap '   ><img src='https:\/\/atoutmusic.com\/wp-content\/uploads\/2019\/07\/chant-1500x430.jpg' width='1500' height='430' title='chant' alt=''  itemprop=\"thumbnailUrl\"  style='min-height:300px; min-width:1047px; ' \/><\/div><\/li><\/ul><\/div><\/div><div id='after_full_slider_1' class='main_color av_default_container_wrap container_wrap sidebar_right' style=' '  ><div class='container' ><div class='template-page content  av-content-small alpha units'><div class='post-entry post-entry-type-page post-entry-176'><div class='entry-content-wrapper clearfix'>\n<div style='padding-bottom:10px; font-size:45px;' class='av-special-heading av-special-heading-h3  blockquote modern-quote  avia-builder-el-1  el_after_av_slideshow_full  el_before_av_hr  avia-builder-el-first   av-inherit-size '><h3 class='av-special-heading-tag '  itemprop=\"headline\"  >L\u2019\u00e9veil musical<\/h3><div class='special-heading-border'><div class='special-heading-inner-border' ><\/div><\/div><\/div>\n<div style='height:15px' class='hr hr-invisible   avia-builder-el-2  el_after_av_heading  el_before_av_one_half  '><span class='hr-inner ' ><span class='hr-inner-style'><\/span><\/span><\/div>\n<div class=\"flex_column av_one_half  flex_column_div av-zero-column-padding first  avia-builder-el-3  el_after_av_hr  el_before_av_one_half  \" style='border-radius:0px; '><p><section class=\"av_textblock_section \"  itemscope=\"itemscope\" itemtype=\"https:\/\/schema.org\/CreativeWork\" ><div class='avia_textblock  '   itemprop=\"text\" ><p>L\u2019\u00e9veil musical s\u2019adresse aux enfants de 3 \u00e0 6 ans et\u00a0 s\u2019oriente autour d\u2019axes tels que\u00a0: le chant, l\u2019\u00e9veil \u00e0 l\u2019oreille au travers de la d\u00e9couverte d\u2019une multitude d\u2019instruments, le rythme, l\u2019association de la musique aux gestes et \u00e0 la danse.<\/p>\n<p>Notre objectif est simple\u00a0: apporter une culture musicale aux enfants et les aider au d\u00e9veloppement de leurs facult\u00e9s rythmiques, m\u00e9lodiques et corporelles.<\/p>\n<\/div><\/section><br \/>\n<div style='height:25px' class='hr hr-invisible   avia-builder-el-5  el_after_av_textblock  el_before_av_button  '><span class='hr-inner ' ><span class='hr-inner-style'><\/span><\/span><\/div><br \/>\n<div class='avia-button-wrap avia-button-left  avia-builder-el-6  el_after_av_hr  el_before_av_hr  '><a href=''  class='avia-button av-icon-on-hover  avia-icon_select-yes-left-icon avia-color-theme-color avia-size-small avia-position-left '   ><span class='avia_button_icon avia_button_icon_left ' aria-hidden='true' data-av_icon='\ue885' data-av_iconfont='entypo-fontello'><\/span><span class='avia_iconbox_title' >Nous contacter<\/span><\/a><\/div><br \/>\n<div style='height:25px' class='hr hr-invisible   avia-builder-el-7  el_after_av_button  avia-builder-el-last  '><span class='hr-inner ' ><span class='hr-inner-style'><\/span><\/span><\/div><\/p><\/div>\n<div class=\"flex_column av_one_half  flex_column_div av-zero-column-padding   avia-builder-el-8  el_after_av_one_half  el_before_av_section  avia-builder-el-last  \" style='border-radius:0px; '><div class='avia-icon-list-container   avia-builder-el-9  avia-builder-el-no-sibling  '><ul class='avia-icon-list avia-icon-list-left av-iconlist-big avia_animate_when_almost_visible avia-iconlist-animate'>\n<li><div  class='iconlist_icon  avia-font-entypo-fontello'><span class='iconlist-char ' aria-hidden='true' data-av_icon='\ue80b' data-av_iconfont='entypo-fontello'><\/span><\/div><article class=\"article-icon-entry av-iconlist-empty\"  itemscope=\"itemscope\" itemtype=\"https:\/\/schema.org\/CreativeWork\" ><div class='iconlist_content_wrap'><header class=\"entry-content-header\"><h4 class='av_iconlist_title iconlist_title  '  itemprop=\"headline\"  >4 \u00e0 6 \u00e9l\u00e8ves<\/h4><\/header><div class='iconlist_content  '  itemprop=\"text\"  ><\/div><\/div><footer class=\"entry-footer\"><\/footer><\/article><div class='iconlist-timeline'><\/div><\/li>\n<li><div  class='iconlist_icon  avia-font-entypo-fontello'><span class='iconlist-char ' aria-hidden='true' data-av_icon='\ue862' data-av_iconfont='entypo-fontello'><\/span><\/div><article class=\"article-icon-entry av-iconlist-empty\"  itemscope=\"itemscope\" itemtype=\"https:\/\/schema.org\/CreativeWork\" ><div class='iconlist_content_wrap'><header class=\"entry-content-header\"><h4 class='av_iconlist_title iconlist_title  '  itemprop=\"headline\"  >1h (en collectif)<\/h4><\/header><div class='iconlist_content  '  itemprop=\"text\"  ><\/div><\/div><footer class=\"entry-footer\"><\/footer><\/article><div class='iconlist-timeline'><\/div><\/li>\n<\/ul><\/div><\/div>\n<\/div><\/div><\/div><!-- close content main div --><\/div><\/div><div id='av_section_1' class='avia-section main_color avia-section-default avia-no-border-styling avia-full-stretch av-parallax-section avia-bg-style-parallax  avia-builder-el-10  el_after_av_one_half  avia-builder-el-last    av-minimum-height av-minimum-height-25  container_wrap sidebar_right' style=' '  data-section-bg-repeat='stretch' data-av_minimum_height_pc='25'><div class='av-parallax' data-avia-parallax-ratio='0.3' ><div class='av-parallax-inner main_color  avia-full-stretch' style = 'background-repeat: no-repeat; background-image: url(https:\/\/atoutmusic.com\/wp-content\/uploads\/2019\/07\/fond33-1030x773.jpg);background-attachment: scroll; background-position: top left; ' ><\/div><\/div><div class='container' ><div class='template-page content  av-content-small alpha units'><div class='post-entry post-entry-type-page post-entry-176'><div class='entry-content-wrapper clearfix'>\n<div style='padding-bottom:10px; color:#ffffff;' class='av-special-heading av-special-heading-h3 custom-color-heading blockquote modern-quote modern-centered  avia-builder-el-11  el_before_av_hr  avia-builder-el-first   '><h3 class='av-special-heading-tag '  itemprop=\"headline\"  >Je souhaite m\u2019inscrire aux cours d\u2019\u00e9veil musical !<\/h3><div class='special-heading-border'><div class='special-heading-inner-border' style='border-color:#ffffff'><\/div><\/div><\/div>\n<div style='height:10px' class='hr hr-invisible   avia-builder-el-12  el_after_av_heading  el_before_av_button  '><span class='hr-inner ' ><span class='hr-inner-style'><\/span><\/span><\/div>\n<div class='avia-button-wrap avia-button-center  avia-builder-el-13  el_after_av_hr  avia-builder-el-last  '><a href='https:\/\/atoutmusic.com\/index.php\/inscription\/'  class='avia-button av-icon-on-hover  avia-icon_select-yes-left-icon avia-color-custom avia-size-large avia-position-center '  style='background-color:#ffffff; border-color:#ffffff; color:#f4a086; ' ><span class='avia_button_icon avia_button_icon_left ' aria-hidden='true' data-av_icon='\ue84d' data-av_iconfont='entypo-fontello'><\/span><span class='avia_iconbox_title' >Inscription<\/span><\/a><\/div>\n<\/div><\/div><\/div><!-- close content main div --><\/div><\/div><div id='after_section_1' class='main_color av_default_container_wrap container_wrap sidebar_right' style=' '  ><div class='container' ><div class='template-page content  av-content-small alpha units'><div class='post-entry post-entry-type-page post-entry-176'><div class='entry-content-wrapper clearfix'>\n","protected":false},"excerpt":{"rendered":"","protected":false},"author":1,"featured_media":0,"parent":0,"menu_order":0,"comment_status":"closed","ping_status":"closed","template":"","meta":{"footnotes":""},"_links":{"self":[{"href":"https:\/\/atoutmusic.com\/index.php\/wp-json\/wp\/v2\/pages\/176"}],"collection":[{"href":"https:\/\/atoutmusic.com\/index.php\/wp-json\/wp\/v2\/pages"}],"about":[{"href":"https:\/\/atoutmusic.com\/index.php\/wp-json\/wp\/v2\/types\/page"}],"author":[{"embeddable":true,"href":"https:\/\/atoutmusic.com\/index.php\/wp-json\/wp\/v2\/users\/1"}],"replies":[{"embeddable":true,"href":"https:\/\/atoutmusic.com\/index.php\/wp-json\/wp\/v2\/comments?post=176"}],"version-history":[{"count":11,"href":"https:\/\/atoutmusic.com\/index.php\/wp-json\/wp\/v2\/pages\/176\/revisions"}],"predecessor-version":[{"id":425,"href":"https:\/\/atoutmusic.com\/index.php\/wp-json\/wp\/v2\/pages\/176\/revisions\/425"}],"wp:attachment":[{"href":"https:\/\/atoutmusic.com\/index.php\/wp-json\/wp\/v2\/media?parent=176"}],"curies":[{"name":"wp","href":"https:\/\/api.w.org\/{rel}","templated":true}]}}